{"id":13705,"date":"2025-09-28T09:16:11","date_gmt":"2025-09-28T07:16:11","guid":{"rendered":"https:\/\/www.luczniczka.com\/sklep\/?post_type=product&#038;p=13705"},"modified":"2026-03-20T14:14:13","modified_gmt":"2026-03-20T13:14:13","slug":"rozek-prezentowy-z-pralinkami-bez-alkoholu-200g","status":"publish","type":"product","link":"https:\/\/www.luczniczka.com\/sklep\/produkt\/rozek-prezentowy-z-pralinkami-bez-alkoholu-200g\/","title":{"rendered":"Ro\u017cek prezentowy nr 2 z pralinami Supreme mix<br>200 g"},"content":{"rendered":"<p>Ro\u017cek zawiera mieszank\u0119 pralinek Supreme: z nadzieniem kakaowym, mlecznym, pistacjowym, orzechowym, mleczno-malinowym, kokosowym i\/lub o smaku s\u0142onego karmelu.<\/p>\n","protected":false},"excerpt":{"rendered":"<p>Ro\u017cek prezentowy w sk\u0142ad kt\u00f3rego wchodzi mix pralin z nadzieniem (mlecznym, kakaowym, s\u0142onego karmelu, malinowo &#8211; mlecznego, pistacjowego, kokosowego, orzechowego)<br \/>\nOpakowanie dost\u0119pne w nast\u0119puj\u0105cych kolorach:<br \/>\nA- czerwony<br \/>\nB- per\u0142owy<br \/>\nC- czarny<br \/>\nD- z\u0142oty<\/p>\n<p>W przypadku braku informacji o kolorze opakowania jednostkowego zastrzegamy sobie prawo wysy\u0142ki losowo wybranego koloru.<\/p>\n<p>Zdj\u0119cia maj\u0105 charakter pogl\u0105dowy- kolorystyka mo\u017ce nieznacznie odbiega\u0107 od zdj\u0119\u0107 prezentowanych w ofercie.<\/p>\n","protected":false},"featured_media":13701,"template":"","meta":{"inline_featured_image":false},"product_brand":[],"product_cat":[43,29],"product_tag":[],"class_list":{"0":"post-13705","1":"product","2":"type-product","3":"status-publish","4":"has-post-thumbnail","6":"product_cat-pralinki-bez-alkoholu","7":"product_cat-kosze-upominkowe","8":"description-off","10":"first","11":"instock","12":"taxable","13":"shipping-taxable","14":"purchasable","15":"product-type-simple"},"aioseo_notices":[],"_links":{"self":[{"href":"https:\/\/www.luczniczka.com\/sklep\/wp-json\/wp\/v2\/product\/13705","targetHints":{"allow":["GET"]}}],"collection":[{"href":"https:\/\/www.luczniczka.com\/sklep\/wp-json\/wp\/v2\/product"}],"about":[{"href":"https:\/\/www.luczniczka.com\/sklep\/wp-json\/wp\/v2\/types\/product"}],"wp:featuredmedia":[{"embeddable":true,"href":"https:\/\/www.luczniczka.com\/sklep\/wp-json\/wp\/v2\/media\/13701"}],"wp:attachment":[{"href":"https:\/\/www.luczniczka.com\/sklep\/wp-json\/wp\/v2\/media?parent=13705"}],"wp:term":[{"taxonomy":"product_brand","embeddable":true,"href":"https:\/\/www.luczniczka.com\/sklep\/wp-json\/wp\/v2\/product_brand?post=13705"},{"taxonomy":"product_cat","embeddable":true,"href":"https:\/\/www.luczniczka.com\/sklep\/wp-json\/wp\/v2\/product_cat?post=13705"},{"taxonomy":"product_tag","embeddable":true,"href":"https:\/\/www.luczniczka.com\/sklep\/wp-json\/wp\/v2\/product_tag?post=13705"}],"curies":[{"name":"wp","href":"https:\/\/api.w.org\/{rel}","templated":true}]}}