{"id":13653,"date":"2025-09-27T22:28:46","date_gmt":"2025-09-27T20:28:46","guid":{"rendered":"https:\/\/www.luczniczka.com\/sklep\/?post_type=product&#038;p=13653"},"modified":"2026-01-28T14:23:32","modified_gmt":"2026-01-28T13:23:32","slug":"zestaw-prezentowy-nr-6","status":"publish","type":"product","link":"https:\/\/www.luczniczka.com\/sklep\/produkt\/zestaw-prezentowy-nr-6\/","title":{"rendered":"Zestaw prezentowy nr 6 (praliny z nadzieniem zawieraj\u0105cym alkohol)"},"content":{"rendered":"<p>Zestaw prezentowy zawiera:<\/p>\n<ul>\n<li>1x bombonierk\u0119 z r\u0119cznie produkowanymi pralinkami 210 g<\/li>\n<li>1x Premium Irish Pralines 120 g<\/li>\n<li>czekolad\u0119 mleczn\u0105 ze z\u0142oconymi orzechami 100 g<\/li>\n<li>owoce oblewane w czekoladzie mlecznej, lub deserowej 180 g<\/li>\n<li>\u00a0pralinki z czekolady mlecznej z nadzieniem alkoholowym irish 100 g<\/li>\n<\/ul>\n<p>.<\/p>\n","protected":false},"excerpt":{"rendered":"<p><img loading=\"lazy\" decoding=\"async\" class=\"alignnone wp-image-14839\" src=\"https:\/\/www.luczniczka.com\/sklep\/wp-content\/uploads\/2025\/10\/zawiera_alkohol_transparent-300x300.png\" alt=\"\" width=\"70\" height=\"70\" \/><\/p>\n<p>Je\u015bli poszukujesz s\u0142odkiego upominku to nasz zestaw prezentowy b\u0119dzie idealnym pomys\u0142em.<br \/>\nZestaw \u015bwietnie si\u0119 prezentuje i zawiera produkty z czekolady o najwy\u017cszej jako\u015bci.<\/p>\n<p>Zdj\u0119cia maj\u0105 charakter pogl\u0105dowy- kolorystyka mo\u017ce nieznacznie odbiega\u0107 od zdj\u0119\u0107 prezentowanych w ofercie.<\/p>\n<p><strong>Ze wzgl\u0119du na zawarto\u015b\u0107 alkoholu produkt nie jest rekomendowany dzieciom i m\u0142odzie\u017cy poni\u017cej 18 roku \u017cycia.<\/strong><\/p>\n","protected":false},"featured_media":13655,"template":"","meta":{"inline_featured_image":false},"product_brand":[],"product_cat":[29],"product_tag":[],"class_list":{"0":"post-13653","1":"product","2":"type-product","3":"status-publish","4":"has-post-thumbnail","6":"product_cat-kosze-upominkowe","7":"description-off","9":"first","10":"instock","11":"taxable","12":"shipping-taxable","13":"purchasable","14":"product-type-simple"},"aioseo_notices":[],"_links":{"self":[{"href":"https:\/\/www.luczniczka.com\/sklep\/wp-json\/wp\/v2\/product\/13653","targetHints":{"allow":["GET"]}}],"collection":[{"href":"https:\/\/www.luczniczka.com\/sklep\/wp-json\/wp\/v2\/product"}],"about":[{"href":"https:\/\/www.luczniczka.com\/sklep\/wp-json\/wp\/v2\/types\/product"}],"wp:featuredmedia":[{"embeddable":true,"href":"https:\/\/www.luczniczka.com\/sklep\/wp-json\/wp\/v2\/media\/13655"}],"wp:attachment":[{"href":"https:\/\/www.luczniczka.com\/sklep\/wp-json\/wp\/v2\/media?parent=13653"}],"wp:term":[{"taxonomy":"product_brand","embeddable":true,"href":"https:\/\/www.luczniczka.com\/sklep\/wp-json\/wp\/v2\/product_brand?post=13653"},{"taxonomy":"product_cat","embeddable":true,"href":"https:\/\/www.luczniczka.com\/sklep\/wp-json\/wp\/v2\/product_cat?post=13653"},{"taxonomy":"product_tag","embeddable":true,"href":"https:\/\/www.luczniczka.com\/sklep\/wp-json\/wp\/v2\/product_tag?post=13653"}],"curies":[{"name":"wp","href":"https:\/\/api.w.org\/{rel}","templated":true}]}}