{"id":13619,"date":"2025-09-27T20:55:42","date_gmt":"2025-09-27T18:55:42","guid":{"rendered":"https:\/\/www.luczniczka.com\/sklep\/?post_type=product&#038;p=13619"},"modified":"2026-02-11T10:27:51","modified_gmt":"2026-02-11T09:27:51","slug":"zestaw-prezentowy-nr-1","status":"publish","type":"product","link":"https:\/\/www.luczniczka.com\/sklep\/produkt\/zestaw-prezentowy-nr-1\/","title":{"rendered":"Zestaw prezentowy nr 1"},"content":{"rendered":"<p>Zestaw prezentowy zawiera:<\/p>\n<ul>\n<li>1x bombonierk\u0119 z r\u0119cznie produkowanymi pralinkami 210 g<\/li>\n<li>2x bombonierk\u0119 z r\u0119cznie produkowanymi pralinkami 45 g<\/li>\n<li>1x Supreme Milk Pralines 100 g<\/li>\n<li>czekolad\u0119 mleczn\u0105 ze z\u0142oconymi orzechami 100 g<\/li>\n<li>owoce oblewane w czekoladzie mlecznej, lub deserowej 180 g<\/li>\n<li>mix pralinek z nadzieniem mlecznym, orzecha laskowego, o smaku kokosowym i\/lub o smaku s\u0142onego karmelu 100 g<\/li>\n<\/ul>\n","protected":false},"excerpt":{"rendered":"<p>Je\u015bli poszukujesz s\u0142odkiego upominku to nasz zestaw prezentowy b\u0119dzie idealnym pomys\u0142em.<br \/>\nZestaw \u015bwietnie si\u0119 prezentuje i zawiera produkty z czekolady o najwy\u017cszej jako\u015bci.<\/p>\n<p>Zdj\u0119cia maj\u0105 charakter pogl\u0105dowy- kolorystyka mo\u017ce nieznacznie odbiega\u0107 od zdj\u0119\u0107 prezentowanych w ofercie.<\/p>\n","protected":false},"featured_media":14169,"template":"","meta":{"inline_featured_image":false},"product_brand":[],"product_cat":[29],"product_tag":[],"class_list":{"0":"post-13619","1":"product","2":"type-product","3":"status-publish","4":"has-post-thumbnail","6":"product_cat-kosze-upominkowe","7":"description-off","9":"first","10":"instock","11":"taxable","12":"shipping-taxable","13":"purchasable","14":"product-type-simple"},"aioseo_notices":[],"_links":{"self":[{"href":"https:\/\/www.luczniczka.com\/sklep\/wp-json\/wp\/v2\/product\/13619","targetHints":{"allow":["GET"]}}],"collection":[{"href":"https:\/\/www.luczniczka.com\/sklep\/wp-json\/wp\/v2\/product"}],"about":[{"href":"https:\/\/www.luczniczka.com\/sklep\/wp-json\/wp\/v2\/types\/product"}],"wp:featuredmedia":[{"embeddable":true,"href":"https:\/\/www.luczniczka.com\/sklep\/wp-json\/wp\/v2\/media\/14169"}],"wp:attachment":[{"href":"https:\/\/www.luczniczka.com\/sklep\/wp-json\/wp\/v2\/media?parent=13619"}],"wp:term":[{"taxonomy":"product_brand","embeddable":true,"href":"https:\/\/www.luczniczka.com\/sklep\/wp-json\/wp\/v2\/product_brand?post=13619"},{"taxonomy":"product_cat","embeddable":true,"href":"https:\/\/www.luczniczka.com\/sklep\/wp-json\/wp\/v2\/product_cat?post=13619"},{"taxonomy":"product_tag","embeddable":true,"href":"https:\/\/www.luczniczka.com\/sklep\/wp-json\/wp\/v2\/product_tag?post=13619"}],"curies":[{"name":"wp","href":"https:\/\/api.w.org\/{rel}","templated":true}]}}