{"id":10849,"date":"2025-03-19T10:23:15","date_gmt":"2025-03-19T09:23:15","guid":{"rendered":"https:\/\/www.luczniczka.com\/sklep\/?post_type=product&#038;p=10849"},"modified":"2026-03-16T10:33:00","modified_gmt":"2026-03-16T09:33:00","slug":"supreme-pralines-coconut-praliny-z-czekolady-mlecznej-z-nadzieniem-kokosowym-100g","status":"publish","type":"product","link":"https:\/\/www.luczniczka.com\/sklep\/produkt\/supreme-pralines-coconut-praliny-z-czekolady-mlecznej-z-nadzieniem-kokosowym-100g\/","title":{"rendered":"SUPREME coconut &#8211; praliny z czekolady mlecznej z nadzieniem kokosowym 100 g"},"content":{"rendered":"<p>Sk\u0142adniki: cukier; t\u0142uszcze i oleje ro\u015blinne (shea, rzepakowy); <strong>mleko<\/strong> pe\u0142ne w proszku; t\u0142uszcz kakaowy; rafinowany olej kokosowy; laktoza (z <strong>mleka<\/strong>); miazga kakaowa; serwatka w proszku (z <strong>mleka<\/strong>); t\u0142uszcz <strong>mleczny<\/strong>; emulgatory: lecytyny (z <strong>soi<\/strong>), lecytyny; naturalny aromat waniliowy; aromat kokosowy.<\/p>\n<p><strong>Produkt mo\u017ce zawiera\u0107: orzechy, orzeszki ziemne, pszenic\u0119, j\u0119czmie\u0144 oraz jaja.<\/strong><\/p>\n<table style=\"height: 309px;\" width=\"331\">\n<tbody>\n<tr>\n<td width=\"179\">Warto\u015b\u0107 od\u017cywcza<\/td>\n<td width=\"180\">\u00a0 \u00a0 \u00a0 \u00a0 \u00a0 \u00a0 w 100g<\/td>\n<\/tr>\n<tr>\n<td width=\"179\">Warto\u015b\u0107 energetyczna (kJ\/kcal)<\/td>\n<td width=\"180\">\u00a0 \u00a0 \u00a0 \u00a0 \u00a0 \u00a02443\/586<\/td>\n<\/tr>\n<tr>\n<td width=\"179\">T\u0142uszcz [g]<\/td>\n<td width=\"180\">\u00a0 \u00a0 \u00a0 \u00a0 \u00a0 \u00a0 \u00a0 39<\/td>\n<\/tr>\n<tr>\n<td width=\"179\">w tym NKT<\/td>\n<td width=\"180\">\u00a0 \u00a0 \u00a0 \u00a0 \u00a0 \u00a0 \u00a0 23<\/td>\n<\/tr>\n<tr>\n<td width=\"179\">W\u0119glowodany [g]<\/td>\n<td width=\"180\">\u00a0 \u00a0 \u00a0 \u00a0 \u00a0 \u00a0 \u00a0 53<\/td>\n<\/tr>\n<tr>\n<td width=\"179\">\u00a0w tym cukry<\/td>\n<td width=\"180\">\u00a0 \u00a0 \u00a0 \u00a0 \u00a0 \u00a0 \u00a0 52<\/td>\n<\/tr>\n<tr>\n<td width=\"179\">Bia\u0142ko [g]<\/td>\n<td width=\"180\">\u00a0 \u00a0 \u00a0 \u00a0 \u00a0 \u00a0 \u00a04,1<\/td>\n<\/tr>\n<tr>\n<td width=\"179\">S\u00f3l [g]<\/td>\n<td width=\"180\">\u00a0 \u00a0 \u00a0 \u00a0 \u00a0 \u00a0 \u00a00,1<\/td>\n<\/tr>\n<\/tbody>\n<\/table>\n<p>Czekolada mleczna: zawarto\u015b\u0107 masy kakaowej minimum 33%.<\/p>\n<p>&nbsp;<\/p>\n","protected":false},"excerpt":{"rendered":"<p><img loading=\"lazy\" decoding=\"async\" class=\"alignnone wp-image-19803\" src=\"https:\/\/www.luczniczka.com\/sklep\/wp-content\/uploads\/2026\/01\/ChatGPT-Image-16-sty-2026-09_48_11-300x300.png\" alt=\"\" width=\"101\" height=\"101\" srcset=\"https:\/\/www.luczniczka.com\/sklep\/wp-content\/uploads\/2026\/01\/ChatGPT-Image-16-sty-2026-09_48_11-300x300.png 300w, https:\/\/www.luczniczka.com\/sklep\/wp-content\/uploads\/2026\/01\/ChatGPT-Image-16-sty-2026-09_48_11-150x150.png 150w, https:\/\/www.luczniczka.com\/sklep\/wp-content\/uploads\/2026\/01\/ChatGPT-Image-16-sty-2026-09_48_11-768x768.png 768w, https:\/\/www.luczniczka.com\/sklep\/wp-content\/uploads\/2026\/01\/ChatGPT-Image-16-sty-2026-09_48_11-600x600.png 600w, https:\/\/www.luczniczka.com\/sklep\/wp-content\/uploads\/2026\/01\/ChatGPT-Image-16-sty-2026-09_48_11-200x200.png 200w, https:\/\/www.luczniczka.com\/sklep\/wp-content\/uploads\/2026\/01\/ChatGPT-Image-16-sty-2026-09_48_11.png 1024w\" sizes=\"auto, (max-width: 101px) 100vw, 101px\" \/><\/p>\n<p>SUPREME coconut to praliny z czekolady mlecznej, rozp\u0142ywaj\u0105ce si\u0119 w ustach z aksamitnym kokosowym nadzieniem.<br \/>\nPraliny charakteryzuje wysoka jako\u015b\u0107. Produkcja pralin odbywa si\u0119 bowiem przy zachowaniu najwy\u017cszych mi\u0119dzynarodowych standard\u00f3w \u017cywno\u015bci.<\/p>\n<p><small>Zdj\u0119cia maj\u0105 charakter pogl\u0105dowy- kolorystyka mo\u017ce nieznacznie odbiega\u0107 od zdj\u0119\u0107 prezentowanych w ofercie.<\/small><\/p>\n","protected":false},"featured_media":10850,"template":"","meta":{"inline_featured_image":false},"product_brand":[],"product_cat":[43],"product_tag":[],"class_list":{"0":"post-10849","1":"product","2":"type-product","3":"status-publish","4":"has-post-thumbnail","6":"product_cat-pralinki-bez-alkoholu","7":"description-off","9":"first","10":"instock","11":"taxable","12":"shipping-taxable","13":"purchasable","14":"product-type-simple"},"aioseo_notices":[],"_links":{"self":[{"href":"https:\/\/www.luczniczka.com\/sklep\/wp-json\/wp\/v2\/product\/10849","targetHints":{"allow":["GET"]}}],"collection":[{"href":"https:\/\/www.luczniczka.com\/sklep\/wp-json\/wp\/v2\/product"}],"about":[{"href":"https:\/\/www.luczniczka.com\/sklep\/wp-json\/wp\/v2\/types\/product"}],"wp:featuredmedia":[{"embeddable":true,"href":"https:\/\/www.luczniczka.com\/sklep\/wp-json\/wp\/v2\/media\/10850"}],"wp:attachment":[{"href":"https:\/\/www.luczniczka.com\/sklep\/wp-json\/wp\/v2\/media?parent=10849"}],"wp:term":[{"taxonomy":"product_brand","embeddable":true,"href":"https:\/\/www.luczniczka.com\/sklep\/wp-json\/wp\/v2\/product_brand?post=10849"},{"taxonomy":"product_cat","embeddable":true,"href":"https:\/\/www.luczniczka.com\/sklep\/wp-json\/wp\/v2\/product_cat?post=10849"},{"taxonomy":"product_tag","embeddable":true,"href":"https:\/\/www.luczniczka.com\/sklep\/wp-json\/wp\/v2\/product_tag?post=10849"}],"curies":[{"name":"wp","href":"https:\/\/api.w.org\/{rel}","templated":true}]}}