{"id":10610,"date":"2025-03-03T11:41:42","date_gmt":"2025-03-03T10:41:42","guid":{"rendered":"https:\/\/www.luczniczka.com\/sklep\/?post_type=product&#038;p=10610"},"modified":"2026-01-27T12:30:57","modified_gmt":"2026-01-27T11:30:57","slug":"marcepan-w-czekoladzie-bialej-z-orzechem-wloskim-500g","status":"publish","type":"product","link":"https:\/\/www.luczniczka.com\/sklep\/produkt\/marcepan-w-czekoladzie-bialej-z-orzechem-wloskim-500g\/","title":{"rendered":"Marcepan w czekoladzie bia\u0142ej z orzechem w\u0142oskim 500g"},"content":{"rendered":"<table>\n<tbody>\n<tr>\n<td><strong>Sk\u0142adniki:<\/strong> marcepan 44% (cukier; <strong>migda\u0142y<\/strong> 38%; woda; \u015brodek utrzymuj\u0105cy wilgo\u0107: sorbitol; inwertowany syrop cukrowy; syrop glukozowy; \u015brodek utrzymuj\u0105cy wilgo\u0107: inwertaza); czekolada bia\u0142a 39% (cukier; t\u0142uszcz kakaowy; <strong>mleko<\/strong> w proszku pe\u0142ne; <strong>mleko<\/strong> w proszku odt\u0142uszczone; emulgator: lecytyny (z <strong>soi<\/strong>)); <strong>orzech w\u0142oski<\/strong> 17%).<\/td>\n<\/tr>\n<\/tbody>\n<\/table>\n<p>&nbsp;<\/p>\n<table width=\"215\">\n<tbody>\n<tr>\n<td width=\"140\"><strong>Warto\u015b\u0107 od\u017cywcza<\/strong><\/td>\n<td width=\"76\"><strong>w 100 g<\/strong><\/td>\n<\/tr>\n<tr>\n<td width=\"140\">Warto\u015b\u0107 energetyczna (kJ\/ kcal)<\/td>\n<td width=\"76\">2290\/ 550<\/td>\n<\/tr>\n<tr>\n<td width=\"140\">T\u0142uszcz [g]<\/td>\n<td width=\"76\">36,0<\/td>\n<\/tr>\n<tr>\n<td width=\"140\">w tym kwasy t\u0142uszczowe nasycone [g]<\/td>\n<td width=\"76\">12,0<\/td>\n<\/tr>\n<tr>\n<td width=\"140\">W\u0119glowodany [g]<\/td>\n<td width=\"76\">49,0<\/td>\n<\/tr>\n<tr>\n<td width=\"140\">w tym cukry [g]<\/td>\n<td width=\"76\">43,0<\/td>\n<\/tr>\n<tr>\n<td width=\"140\">Bia\u0142ko [g]<\/td>\n<td width=\"76\">7,8<\/td>\n<\/tr>\n<tr>\n<td width=\"140\">S\u00f3l [g]<\/td>\n<td width=\"76\">0,1<\/td>\n<\/tr>\n<\/tbody>\n<\/table>\n<p><strong>Produkt mo\u017ce zawiera\u0107: orzechy, orzeszki ziemne, pszenic\u0119, j\u0119czmie\u0144 oraz jaja.<\/strong><\/p>\n","protected":false},"excerpt":{"rendered":"<p>Wy\u015bmienita pralinka o kr\u00f3lewskim wygl\u0105dzie, idealnie \u0142\u0105czy smak najlepszego marcepana z orzechem w\u0142oskim. Ulubienica marcepanowych koneser\u00f3w.<\/p>\n","protected":false},"featured_media":10611,"template":"","meta":{"inline_featured_image":false},"product_brand":[],"product_cat":[31],"product_tag":[],"class_list":{"0":"post-10610","1":"product","2":"type-product","3":"status-publish","4":"has-post-thumbnail","6":"product_cat-pralinki-rzemieslnicze","7":"description-off","9":"first","10":"instock","11":"taxable","12":"shipping-taxable","13":"purchasable","14":"product-type-simple"},"aioseo_notices":[],"_links":{"self":[{"href":"https:\/\/www.luczniczka.com\/sklep\/wp-json\/wp\/v2\/product\/10610","targetHints":{"allow":["GET"]}}],"collection":[{"href":"https:\/\/www.luczniczka.com\/sklep\/wp-json\/wp\/v2\/product"}],"about":[{"href":"https:\/\/www.luczniczka.com\/sklep\/wp-json\/wp\/v2\/types\/product"}],"wp:featuredmedia":[{"embeddable":true,"href":"https:\/\/www.luczniczka.com\/sklep\/wp-json\/wp\/v2\/media\/10611"}],"wp:attachment":[{"href":"https:\/\/www.luczniczka.com\/sklep\/wp-json\/wp\/v2\/media?parent=10610"}],"wp:term":[{"taxonomy":"product_brand","embeddable":true,"href":"https:\/\/www.luczniczka.com\/sklep\/wp-json\/wp\/v2\/product_brand?post=10610"},{"taxonomy":"product_cat","embeddable":true,"href":"https:\/\/www.luczniczka.com\/sklep\/wp-json\/wp\/v2\/product_cat?post=10610"},{"taxonomy":"product_tag","embeddable":true,"href":"https:\/\/www.luczniczka.com\/sklep\/wp-json\/wp\/v2\/product_tag?post=10610"}],"curies":[{"name":"wp","href":"https:\/\/api.w.org\/{rel}","templated":true}]}}