{"id":10606,"date":"2025-03-03T11:31:18","date_gmt":"2025-03-03T10:31:18","guid":{"rendered":"https:\/\/www.luczniczka.com\/sklep\/?post_type=product&#038;p=10606"},"modified":"2026-02-10T14:41:08","modified_gmt":"2026-02-10T13:41:08","slug":"nugat-warstwowy-500g","status":"publish","type":"product","link":"https:\/\/www.luczniczka.com\/sklep\/produkt\/nugat-warstwowy-500g\/","title":{"rendered":"Nugat warstwowy 500g"},"content":{"rendered":"<table>\n<tbody>\n<tr>\n<td><strong>Sk\u0142adniki:<\/strong> nugat 45,5% (cukier; <strong>orzechy laskowe<\/strong> 40%; miazga kakaowa; t\u0142uszcz kakaowy; <strong>mleko<\/strong> pe\u0142ne w proszku; emulgator: lecytyny (z <strong>soi<\/strong>); aromat waniliowy); nugat 45,5% (cukier; <strong>orzech laskowy<\/strong> 42%; t\u0142uszcz kakaowy; <strong>mleko<\/strong> pe\u0142ne w proszku; emulgator: lecytyny (z <strong>soi<\/strong>); aromat waniliowy); czekolada 4,5% (miazga kakaowa; cukier; t\u0142uszcz kakaowy; emulgatory: E 492, lecytyny (z <strong>soi<\/strong>), E 476)), t\u0142uszcz kakaowy 4,5%.<\/td>\n<\/tr>\n<\/tbody>\n<\/table>\n<p>&nbsp;<\/p>\n<table width=\"215\">\n<tbody>\n<tr>\n<td width=\"140\"><strong>Warto\u015b\u0107 od\u017cywcza<\/strong><\/td>\n<td width=\"76\"><strong>w 100 g<\/strong><\/td>\n<\/tr>\n<tr>\n<td width=\"140\">Warto\u015b\u0107 energetyczna (kJ\/ kcal)<\/td>\n<td width=\"76\">2397\/ 575<\/td>\n<\/tr>\n<tr>\n<td width=\"140\">T\u0142uszcz [g]<\/td>\n<td width=\"76\">39<\/td>\n<\/tr>\n<tr>\n<td width=\"140\">w tym kwasy t\u0142uszczowe nasycone [g]<\/td>\n<td width=\"76\">11<\/td>\n<\/tr>\n<tr>\n<td width=\"140\">W\u0119glowodany [g]<\/td>\n<td width=\"76\">48<\/td>\n<\/tr>\n<tr>\n<td width=\"140\">w tym cukry [g]<\/td>\n<td width=\"76\">46<\/td>\n<\/tr>\n<tr>\n<td width=\"140\">Bia\u0142ko [g]<\/td>\n<td width=\"76\">6,2<\/td>\n<\/tr>\n<tr>\n<td width=\"140\">S\u00f3l [g]<\/td>\n<td width=\"76\">0,01<\/td>\n<\/tr>\n<\/tbody>\n<\/table>\n<p>&nbsp;<\/p>\n<p>Czekolada mleczna: zawarto\u015b\u0107 masy kakaowej minimum 33%.<\/p>\n<p><strong>Produkt mo\u017ce zawiera\u0107: orzechy, orzeszki ziemne, pszenic\u0119, j\u0119czmie\u0144 oraz jaja.<\/strong><\/p>\n","protected":false},"excerpt":{"rendered":"<p>Prostok\u0105tna pralinka z trzema warstwami, smakuj\u0105ca jak orzech laskowy, uwielbiana przez najm\u0142odszych, ale doro\u015bli r\u00f3wnie\u017c s\u0105 jej fanami.<\/p>\n","protected":false},"featured_media":10607,"template":"","meta":{"inline_featured_image":false},"product_brand":[],"product_cat":[31],"product_tag":[],"class_list":{"0":"post-10606","1":"product","2":"type-product","3":"status-publish","4":"has-post-thumbnail","6":"product_cat-pralinki-rzemieslnicze","7":"description-off","9":"first","10":"instock","11":"taxable","12":"shipping-taxable","13":"purchasable","14":"product-type-simple"},"aioseo_notices":[],"_links":{"self":[{"href":"https:\/\/www.luczniczka.com\/sklep\/wp-json\/wp\/v2\/product\/10606","targetHints":{"allow":["GET"]}}],"collection":[{"href":"https:\/\/www.luczniczka.com\/sklep\/wp-json\/wp\/v2\/product"}],"about":[{"href":"https:\/\/www.luczniczka.com\/sklep\/wp-json\/wp\/v2\/types\/product"}],"wp:featuredmedia":[{"embeddable":true,"href":"https:\/\/www.luczniczka.com\/sklep\/wp-json\/wp\/v2\/media\/10607"}],"wp:attachment":[{"href":"https:\/\/www.luczniczka.com\/sklep\/wp-json\/wp\/v2\/media?parent=10606"}],"wp:term":[{"taxonomy":"product_brand","embeddable":true,"href":"https:\/\/www.luczniczka.com\/sklep\/wp-json\/wp\/v2\/product_brand?post=10606"},{"taxonomy":"product_cat","embeddable":true,"href":"https:\/\/www.luczniczka.com\/sklep\/wp-json\/wp\/v2\/product_cat?post=10606"},{"taxonomy":"product_tag","embeddable":true,"href":"https:\/\/www.luczniczka.com\/sklep\/wp-json\/wp\/v2\/product_tag?post=10606"}],"curies":[{"name":"wp","href":"https:\/\/api.w.org\/{rel}","templated":true}]}}