{"id":10600,"date":"2025-03-03T11:16:56","date_gmt":"2025-03-03T10:16:56","guid":{"rendered":"https:\/\/www.luczniczka.com\/sklep\/?post_type=product&#038;p=10600"},"modified":"2026-02-02T09:34:35","modified_gmt":"2026-02-02T08:34:35","slug":"pralinypasztecik-sliwkowy-500g-marcepan-w-czekoladzie-mlecznej-z-nadzieniem-sliwkowym","status":"publish","type":"product","link":"https:\/\/www.luczniczka.com\/sklep\/produkt\/pralinypasztecik-sliwkowy-500g-marcepan-w-czekoladzie-mlecznej-z-nadzieniem-sliwkowym\/","title":{"rendered":"Praliny&#8221;Pasztecik \u015bliwkowy&#8221; 500g. Marcepan w czekoladzie mlecznej z nadzieniem \u015bliwkowym"},"content":{"rendered":"<table>\n<tbody>\n<tr>\n<td>\u00a0Sk\u0142adniki: marcepan 45,5% (cukier; <strong>migda\u0142y<\/strong> 38%; woda; \u015brodek utrzymuj\u0105cy wilgo\u0107: sorbitol; inwertowany syrop cukrowy; syrop glukozowy; \u015brodek utrzymuj\u0105cy wilgo\u0107: inwertaza); czekolada mleczna 28,5% (cukier; t\u0142uszcz kakaowy; <strong>mleko<\/strong> w proszku pe\u0142ne; miazga kakaowa; serwatka w proszku (z <strong>mleka<\/strong>); t\u0142uszcz <strong>mleczny<\/strong>; emulgator: lecytyny (z <strong>soi<\/strong>); naturalny aromat waniliowy); nadzienie \u015bliwkowe 21% (przecier \u015bliwkowy; cukier; regulator kwasowo\u015bci: E 330; substancja konserwuj\u0105ca: E 202 ); czekolada 5% (miazga kakaowa; cukier; t\u0142uszcz kakaowy; emulgatory: E 492, lecytyny (z <strong>soi<\/strong>), E 476).<\/td>\n<\/tr>\n<\/tbody>\n<\/table>\n<p>&nbsp;<\/p>\n<table width=\"215\">\n<tbody>\n<tr>\n<td width=\"140\"><strong>Warto\u015b\u0107 od\u017cywcza<\/strong><\/td>\n<td width=\"76\"><strong>w 100 g<\/strong><\/td>\n<\/tr>\n<tr>\n<td width=\"140\">Warto\u015b\u0107 energetyczna (kJ\/ kcal)<\/td>\n<td width=\"76\">1833\/ 438<\/td>\n<\/tr>\n<tr>\n<td width=\"140\">T\u0142uszcz [g]<\/td>\n<td width=\"76\">21<\/td>\n<\/tr>\n<tr>\n<td width=\"140\">w tym kwasy t\u0142uszczowe nasycone [g]<\/td>\n<td width=\"76\">7,7<\/td>\n<\/tr>\n<tr>\n<td width=\"140\">W\u0119glowodany [g]<\/td>\n<td width=\"76\">55<\/td>\n<\/tr>\n<tr>\n<td width=\"140\">w tym cukry [g]<\/td>\n<td width=\"76\">52<\/td>\n<\/tr>\n<tr>\n<td width=\"140\">Bia\u0142ko [g]<\/td>\n<td width=\"76\">5,3<\/td>\n<\/tr>\n<tr>\n<td width=\"140\">S\u00f3l [g]<\/td>\n<td width=\"76\">0,1<\/td>\n<\/tr>\n<\/tbody>\n<\/table>\n<p>&nbsp;<\/p>\n<p>Czekolada mleczna: zawarto\u015b\u0107 masy kakaowej minimum 33%.<\/p>\n<p>Czekolada: zawarto\u015b\u0107 masy kakaowej minimum 60%.<br \/>\n<strong>Produkt mo\u017ce zawiera\u0107: orzechy, orzeszki ziemne, pszenic\u0119, j\u0119czmie\u0144 oraz jaja.<\/strong><\/p>\n<p>&nbsp;<\/p>\n","protected":false},"excerpt":{"rendered":"<p>Pralinka marcepanowa z pysznym nadzieniem \u015bliwkowym, rozp\u0142ywaj\u0105ca si\u0119 w ustach. Mi\u0119kka, orze\u017awiaj\u0105ca i niepowtarzalna. Smakuje dzieciom, jak i doros\u0142ym.<\/p>\n","protected":false},"featured_media":10601,"template":"","meta":{"inline_featured_image":false},"product_brand":[],"product_cat":[31],"product_tag":[],"class_list":{"0":"post-10600","1":"product","2":"type-product","3":"status-publish","4":"has-post-thumbnail","6":"product_cat-pralinki-rzemieslnicze","7":"description-off","9":"first","10":"instock","11":"taxable","12":"shipping-taxable","13":"purchasable","14":"product-type-simple"},"aioseo_notices":[],"_links":{"self":[{"href":"https:\/\/www.luczniczka.com\/sklep\/wp-json\/wp\/v2\/product\/10600","targetHints":{"allow":["GET"]}}],"collection":[{"href":"https:\/\/www.luczniczka.com\/sklep\/wp-json\/wp\/v2\/product"}],"about":[{"href":"https:\/\/www.luczniczka.com\/sklep\/wp-json\/wp\/v2\/types\/product"}],"wp:featuredmedia":[{"embeddable":true,"href":"https:\/\/www.luczniczka.com\/sklep\/wp-json\/wp\/v2\/media\/10601"}],"wp:attachment":[{"href":"https:\/\/www.luczniczka.com\/sklep\/wp-json\/wp\/v2\/media?parent=10600"}],"wp:term":[{"taxonomy":"product_brand","embeddable":true,"href":"https:\/\/www.luczniczka.com\/sklep\/wp-json\/wp\/v2\/product_brand?post=10600"},{"taxonomy":"product_cat","embeddable":true,"href":"https:\/\/www.luczniczka.com\/sklep\/wp-json\/wp\/v2\/product_cat?post=10600"},{"taxonomy":"product_tag","embeddable":true,"href":"https:\/\/www.luczniczka.com\/sklep\/wp-json\/wp\/v2\/product_tag?post=10600"}],"curies":[{"name":"wp","href":"https:\/\/api.w.org\/{rel}","templated":true}]}}