{"id":10504,"date":"2025-02-26T12:38:50","date_gmt":"2025-02-26T11:38:50","guid":{"rendered":"https:\/\/www.luczniczka.com\/sklep\/?post_type=product&#038;p=10504"},"modified":"2026-02-25T10:39:15","modified_gmt":"2026-02-25T09:39:15","slug":"czekolada-deserowa-na-patyku-do-rozpuszczania-z-dodatkami-drazetkami-oraz-piankami-marshmallows-35g","status":"publish","type":"product","link":"https:\/\/www.luczniczka.com\/sklep\/produkt\/czekolada-deserowa-na-patyku-do-rozpuszczania-z-dodatkami-drazetkami-oraz-piankami-marshmallows-35g\/","title":{"rendered":"Czekolada deserowa na patyku do rozpuszczania z dodatkami (dra\u017cetkami, oraz piankami marshmallows) 35g"},"content":{"rendered":"<p><strong>Sk\u0142adniki<\/strong>: miazga kakaowa; cukier; t\u0142uszcz kakaowy; syrop glukozowo- fruktozowy; mleko pe\u0142ne w proszku; m\u0105ka <strong>pszenna<\/strong>; woda; m\u0105ka ry\u017cowa; \u017celatyna; stabilizator: E 492; emulgatory: lecytyna (z <strong>soi<\/strong>), E 476; dekstroza; skrobia kukurydziana; naturalny aromat waniliowy;\u00a0 substancja glazuruj\u0105ca: schellac, guma arabska; s\u00f3l; serwatka w proszku (z <strong>mleka<\/strong>); barwniki: E 172, E 100, E 141, E 162.<\/p>\n<p>Czekolada mleczna: zawarto\u015b\u0107 masy kakaowej minimum 33%.<\/p>\n<p><strong>Produkt mo\u017ce zawiera\u0107 orzeszki ziemne, orzechy oraz jaja.<\/strong><\/p>\n","protected":false},"excerpt":{"rendered":"<p>Czekolada na patyku Choc&#8217;n&#8217;stick, to smako\u0142yk do rozpuszczania w gor\u0105cej kawie, lub mleku. Do\u0142\u0105czone pianki marshmallows dodaj\u0105 smaku i magii.<\/p>\n<p>Uwielbiana przez dzieci i doros\u0142ych.<\/p>\n","protected":false},"featured_media":1493,"template":"","meta":{"inline_featured_image":false},"product_brand":[],"product_cat":[31],"product_tag":[],"class_list":{"0":"post-10504","1":"product","2":"type-product","3":"status-publish","4":"has-post-thumbnail","6":"product_cat-pralinki-rzemieslnicze","7":"description-off","9":"first","10":"instock","11":"taxable","12":"shipping-taxable","13":"purchasable","14":"product-type-simple"},"aioseo_notices":[],"_links":{"self":[{"href":"https:\/\/www.luczniczka.com\/sklep\/wp-json\/wp\/v2\/product\/10504","targetHints":{"allow":["GET"]}}],"collection":[{"href":"https:\/\/www.luczniczka.com\/sklep\/wp-json\/wp\/v2\/product"}],"about":[{"href":"https:\/\/www.luczniczka.com\/sklep\/wp-json\/wp\/v2\/types\/product"}],"wp:featuredmedia":[{"embeddable":true,"href":"https:\/\/www.luczniczka.com\/sklep\/wp-json\/wp\/v2\/media\/1493"}],"wp:attachment":[{"href":"https:\/\/www.luczniczka.com\/sklep\/wp-json\/wp\/v2\/media?parent=10504"}],"wp:term":[{"taxonomy":"product_brand","embeddable":true,"href":"https:\/\/www.luczniczka.com\/sklep\/wp-json\/wp\/v2\/product_brand?post=10504"},{"taxonomy":"product_cat","embeddable":true,"href":"https:\/\/www.luczniczka.com\/sklep\/wp-json\/wp\/v2\/product_cat?post=10504"},{"taxonomy":"product_tag","embeddable":true,"href":"https:\/\/www.luczniczka.com\/sklep\/wp-json\/wp\/v2\/product_tag?post=10504"}],"curies":[{"name":"wp","href":"https:\/\/api.w.org\/{rel}","templated":true}]}}