{"id":10498,"date":"2025-02-26T12:06:30","date_gmt":"2025-02-26T11:06:30","guid":{"rendered":"https:\/\/www.luczniczka.com\/sklep\/?post_type=product&#038;p=10498"},"modified":"2026-03-10T13:52:43","modified_gmt":"2026-03-10T12:52:43","slug":"supreme-salted-caramel-praliny-z-czekolady-mlecznej-z-nadzieniem-slonego-karmelu-100g","status":"publish","type":"product","link":"https:\/\/www.luczniczka.com\/sklep\/produkt\/supreme-salted-caramel-praliny-z-czekolady-mlecznej-z-nadzieniem-slonego-karmelu-100g\/","title":{"rendered":"SUPREME salted caramel &#8211; praliny z czekolady mlecznej z nadzieniem s\u0142onego karmelu 100 g"},"content":{"rendered":"<table>\n<tbody>\n<tr>\n<td>Sk\u0142adniki: \u00a0cukier; substancja s\u0142odz\u0105ca maltitol; t\u0142uszcze i oleje ro\u015blinne (shea, rzepakowy); serwatka w proszku (z <strong>mleka<\/strong>); t\u0142uszcz kakaowy; <strong>mleko<\/strong> pe\u0142ne w proszku; miazga kakaowa; odt\u0142uszczone <strong>mleko<\/strong> w proszku; t\u0142uszcz <strong>mleczny<\/strong>; kakao w proszku o obni\u017conej zawarto\u015bci t\u0142uszczu; emulgatory: lecytyny (z <strong>soi<\/strong>), lecytyny; s\u00f3l; barwniki: E 160 a; E 160 c; naturalny aromat waniliowy; aromaty.<\/p>\n<p><strong>Produkt mo\u017ce zawiera\u0107 tak\u017ce: orzeszki ziemne, orzechy, pszenic\u0119, j\u0119czmie\u0144 oraz jaja.<\/strong><\/td>\n<\/tr>\n<\/tbody>\n<\/table>\n<table style=\"height: 307px;\" width=\"331\">\n<tbody>\n<tr>\n<td width=\"140\"><strong>Warto\u015b\u0107 od\u017cywcza<\/strong><\/td>\n<td width=\"76\"><strong>\u00a0 \u00a0 \u00a0w 100 g<\/strong><\/td>\n<\/tr>\n<tr>\n<td width=\"140\">Warto\u015b\u0107 energetyczna (kJ\/kcal)<\/td>\n<td width=\"76\">\u00a0 \u00a0 2377\/\/569<\/td>\n<\/tr>\n<tr>\n<td width=\"140\">T\u0142uszcz [g]<\/td>\n<td width=\"76\">\u00a0 \u00a0 \u00a0 \u00a0 \u00a033<\/td>\n<\/tr>\n<tr>\n<td width=\"140\">w tym kwasy t\u0142uszczowe nasycone [g]<\/td>\n<td width=\"76\">\u00a0 \u00a0 \u00a0 \u00a0 \u00a015<\/td>\n<\/tr>\n<tr>\n<td width=\"140\">W\u0119glowodany [g]<\/td>\n<td width=\"76\">\u00a0 \u00a0 \u00a0 \u00a0 \u00a058<\/td>\n<\/tr>\n<tr>\n<td width=\"140\">w tym cukry [g]<\/td>\n<td width=\"76\">\u00a0 \u00a0 \u00a0 \u00a0 \u00a036<\/td>\n<\/tr>\n<tr>\n<td width=\"140\">Bia\u0142ko [g]<\/td>\n<td width=\"76\">\u00a0 \u00a0 \u00a0 \u00a0 \u00a04,1<\/td>\n<\/tr>\n<tr>\n<td width=\"140\">S\u00f3l [g]<\/td>\n<td width=\"76\">\u00a0 \u00a0 \u00a0 \u00a0 \u00a00,4<\/td>\n<\/tr>\n<\/tbody>\n<\/table>\n<p>Czekolada mleczna: zawarto\u015b\u0107 masy kakaowej minimum 33%.<\/p>\n<p>&nbsp;<\/p>\n<p>&nbsp;<\/p>\n","protected":false},"excerpt":{"rendered":"<p><img loading=\"lazy\" decoding=\"async\" class=\"alignnone wp-image-19803\" src=\"https:\/\/www.luczniczka.com\/sklep\/wp-content\/uploads\/2026\/01\/ChatGPT-Image-16-sty-2026-09_48_11-300x300.png\" alt=\"\" width=\"100\" height=\"100\" srcset=\"https:\/\/www.luczniczka.com\/sklep\/wp-content\/uploads\/2026\/01\/ChatGPT-Image-16-sty-2026-09_48_11-300x300.png 300w, https:\/\/www.luczniczka.com\/sklep\/wp-content\/uploads\/2026\/01\/ChatGPT-Image-16-sty-2026-09_48_11-150x150.png 150w, https:\/\/www.luczniczka.com\/sklep\/wp-content\/uploads\/2026\/01\/ChatGPT-Image-16-sty-2026-09_48_11-768x768.png 768w, https:\/\/www.luczniczka.com\/sklep\/wp-content\/uploads\/2026\/01\/ChatGPT-Image-16-sty-2026-09_48_11-600x600.png 600w, https:\/\/www.luczniczka.com\/sklep\/wp-content\/uploads\/2026\/01\/ChatGPT-Image-16-sty-2026-09_48_11-200x200.png 200w, https:\/\/www.luczniczka.com\/sklep\/wp-content\/uploads\/2026\/01\/ChatGPT-Image-16-sty-2026-09_48_11.png 1024w\" sizes=\"auto, (max-width: 100px) 100vw, 100px\" \/><\/p>\n<p>SUPREME salted caramel to praliny z czekolady mlecznej, rozp\u0142ywaj\u0105ce si\u0119 w ustach z aksamitnym nadzieniem s\u0142onego karmelu.<br \/>\nPraliny charakteryzuje wysoka jako\u015b\u0107. Produkcja pralin odbywa si\u0119 bowiem przy zachowaniu najwy\u017cszych mi\u0119dzynarodowych standard\u00f3w \u017cywno\u015bci.<\/p>\n<p><small>Zdj\u0119cia maj\u0105 charakter pogl\u0105dowy- kolorystyka mo\u017ce nieznacznie odbiega\u0107 od zdj\u0119\u0107 prezentowanych w ofercie.<\/small><\/p>\n","protected":false},"featured_media":10500,"template":"","meta":{"inline_featured_image":false},"product_brand":[],"product_cat":[43],"product_tag":[],"class_list":{"0":"post-10498","1":"product","2":"type-product","3":"status-publish","4":"has-post-thumbnail","6":"product_cat-pralinki-bez-alkoholu","7":"description-off","9":"first","10":"instock","11":"taxable","12":"shipping-taxable","13":"purchasable","14":"product-type-simple"},"aioseo_notices":[],"_links":{"self":[{"href":"https:\/\/www.luczniczka.com\/sklep\/wp-json\/wp\/v2\/product\/10498","targetHints":{"allow":["GET"]}}],"collection":[{"href":"https:\/\/www.luczniczka.com\/sklep\/wp-json\/wp\/v2\/product"}],"about":[{"href":"https:\/\/www.luczniczka.com\/sklep\/wp-json\/wp\/v2\/types\/product"}],"wp:featuredmedia":[{"embeddable":true,"href":"https:\/\/www.luczniczka.com\/sklep\/wp-json\/wp\/v2\/media\/10500"}],"wp:attachment":[{"href":"https:\/\/www.luczniczka.com\/sklep\/wp-json\/wp\/v2\/media?parent=10498"}],"wp:term":[{"taxonomy":"product_brand","embeddable":true,"href":"https:\/\/www.luczniczka.com\/sklep\/wp-json\/wp\/v2\/product_brand?post=10498"},{"taxonomy":"product_cat","embeddable":true,"href":"https:\/\/www.luczniczka.com\/sklep\/wp-json\/wp\/v2\/product_cat?post=10498"},{"taxonomy":"product_tag","embeddable":true,"href":"https:\/\/www.luczniczka.com\/sklep\/wp-json\/wp\/v2\/product_tag?post=10498"}],"curies":[{"name":"wp","href":"https:\/\/api.w.org\/{rel}","templated":true}]}}