{"id":10485,"date":"2025-02-26T10:36:39","date_gmt":"2025-02-26T09:36:39","guid":{"rendered":"https:\/\/www.luczniczka.com\/sklep\/?post_type=product&#038;p=10485"},"modified":"2026-03-20T14:16:05","modified_gmt":"2026-03-20T13:16:05","slug":"supreme-amore-bueno-praliny-z-czekolady-deserowej-z-nadzieniem-orzecha-laskowego-100g","status":"publish","type":"product","link":"https:\/\/www.luczniczka.com\/sklep\/produkt\/supreme-amore-bueno-praliny-z-czekolady-deserowej-z-nadzieniem-orzecha-laskowego-100g\/","title":{"rendered":"SUPREME bueno amore &#8211; praliny z czekolady deserowej z nadzieniem orzecha laskowego 100 g"},"content":{"rendered":"<p>Sk\u0142adniki: cukier; miazga kakaowa; oleje ro\u015blinne (s\u0142onecznikowy, palmowy); serwatka w proszku (z <strong>mleka<\/strong>); t\u0142uszcz kakaowy; odt\u0142uszczone <strong>mleko<\/strong><br \/>\nw proszku; <strong>orzechy laskowe<\/strong> 2%; laktoza (z <strong>mleka<\/strong>); emulgatory: lecytyna (z <strong>soi<\/strong>), E 492, E 476; aromaty.<\/p>\n<table>\n<tbody>\n<tr>\n<td><strong>Produkt mo\u017ce zawiera\u0107 tak\u017ce: orzeszki ziemne, orzechy, pszenic\u0119, j\u0119czmie\u0144 oraz jaja.<\/strong><\/td>\n<\/tr>\n<\/tbody>\n<\/table>\n<p>&nbsp;<\/p>\n<table style=\"height: 311px;\" width=\"332\">\n<tbody>\n<tr>\n<td width=\"140\"><strong>Warto\u015b\u0107 od\u017cywcza<\/strong><\/td>\n<td width=\"76\"><strong>\u00a0 \u00a0 w 100 g<\/strong><\/td>\n<\/tr>\n<tr>\n<td width=\"140\">Warto\u015b\u0107 energetyczna (kJ\/kcal)<\/td>\n<td width=\"76\">\u00a0 \u00a02369\/ 569<\/td>\n<\/tr>\n<tr>\n<td width=\"140\">T\u0142uszcz [g]<\/td>\n<td width=\"76\">\u00a0 \u00a0 \u00a0 \u00a0 \u00a038<\/td>\n<\/tr>\n<tr>\n<td width=\"140\">w tym kwasy t\u0142uszczowe nasycone [g]<\/td>\n<td width=\"76\">\u00a0 \u00a0 \u00a0 \u00a0 15<\/td>\n<\/tr>\n<tr>\n<td width=\"140\">W\u0119glowodany [g]<\/td>\n<td width=\"76\">\u00a0 \u00a0 \u00a0 \u00a0 49<\/td>\n<\/tr>\n<tr>\n<td width=\"140\">w tym cukry [g]<\/td>\n<td width=\"76\">\u00a0 \u00a0 \u00a0 \u00a0 47<\/td>\n<\/tr>\n<tr>\n<td width=\"140\">Bia\u0142ko [g]<\/td>\n<td width=\"76\">\u00a0 \u00a0 \u00a0 \u00a05,8<\/td>\n<\/tr>\n<tr>\n<td width=\"140\">S\u00f3l [g]<\/td>\n<td width=\"76\">\u00a0 \u00a0 \u00a0 \u00a00,1<\/td>\n<\/tr>\n<\/tbody>\n<\/table>\n<p>Czekolada: zawarto\u015b\u0107 masy kakaowej minimum 56%<\/p>\n","protected":false},"excerpt":{"rendered":"<p><img loading=\"lazy\" decoding=\"async\" class=\"alignnone wp-image-19845\" src=\"https:\/\/www.luczniczka.com\/sklep\/wp-content\/uploads\/2026\/01\/ChatGPT-Image-17-sty-2026-18_14_37-300x300.png\" alt=\"\" width=\"100\" height=\"100\" srcset=\"https:\/\/www.luczniczka.com\/sklep\/wp-content\/uploads\/2026\/01\/ChatGPT-Image-17-sty-2026-18_14_37-300x300.png 300w, https:\/\/www.luczniczka.com\/sklep\/wp-content\/uploads\/2026\/01\/ChatGPT-Image-17-sty-2026-18_14_37-150x150.png 150w, https:\/\/www.luczniczka.com\/sklep\/wp-content\/uploads\/2026\/01\/ChatGPT-Image-17-sty-2026-18_14_37-768x768.png 768w, https:\/\/www.luczniczka.com\/sklep\/wp-content\/uploads\/2026\/01\/ChatGPT-Image-17-sty-2026-18_14_37-600x600.png 600w, https:\/\/www.luczniczka.com\/sklep\/wp-content\/uploads\/2026\/01\/ChatGPT-Image-17-sty-2026-18_14_37-200x200.png 200w, https:\/\/www.luczniczka.com\/sklep\/wp-content\/uploads\/2026\/01\/ChatGPT-Image-17-sty-2026-18_14_37.png 1024w\" sizes=\"auto, (max-width: 100px) 100vw, 100px\" \/><\/p>\n<p>SUPREME bueno amore to praliny z czekolady deserowej, rozp\u0142ywaj\u0105ce si\u0119 w ustach z aksamitnym nadzieniem orzecha laskowego.<br \/>\nPraliny charakteryzuje wysoka jako\u015b\u0107. Produkcja pralin odbywa si\u0119 bowiem przy zachowaniu najwy\u017cszych mi\u0119dzynarodowych standard\u00f3w \u017cywno\u015bci.<\/p>\n<p><small>Zdj\u0119cia maj\u0105 charakter pogl\u0105dowy- kolorystyka mo\u017ce nieznacznie odbiega\u0107 od zdj\u0119\u0107 prezentowanych w ofercie.<\/small><\/p>\n","protected":false},"featured_media":10486,"template":"","meta":{"inline_featured_image":false},"product_brand":[],"product_cat":[43],"product_tag":[],"class_list":{"0":"post-10485","1":"product","2":"type-product","3":"status-publish","4":"has-post-thumbnail","6":"product_cat-pralinki-bez-alkoholu","7":"description-off","9":"first","10":"instock","11":"taxable","12":"shipping-taxable","13":"purchasable","14":"product-type-simple"},"aioseo_notices":[],"_links":{"self":[{"href":"https:\/\/www.luczniczka.com\/sklep\/wp-json\/wp\/v2\/product\/10485","targetHints":{"allow":["GET"]}}],"collection":[{"href":"https:\/\/www.luczniczka.com\/sklep\/wp-json\/wp\/v2\/product"}],"about":[{"href":"https:\/\/www.luczniczka.com\/sklep\/wp-json\/wp\/v2\/types\/product"}],"wp:featuredmedia":[{"embeddable":true,"href":"https:\/\/www.luczniczka.com\/sklep\/wp-json\/wp\/v2\/media\/10486"}],"wp:attachment":[{"href":"https:\/\/www.luczniczka.com\/sklep\/wp-json\/wp\/v2\/media?parent=10485"}],"wp:term":[{"taxonomy":"product_brand","embeddable":true,"href":"https:\/\/www.luczniczka.com\/sklep\/wp-json\/wp\/v2\/product_brand?post=10485"},{"taxonomy":"product_cat","embeddable":true,"href":"https:\/\/www.luczniczka.com\/sklep\/wp-json\/wp\/v2\/product_cat?post=10485"},{"taxonomy":"product_tag","embeddable":true,"href":"https:\/\/www.luczniczka.com\/sklep\/wp-json\/wp\/v2\/product_tag?post=10485"}],"curies":[{"name":"wp","href":"https:\/\/api.w.org\/{rel}","templated":true}]}}