{"id":244,"date":"2020-09-13T11:13:36","date_gmt":"2020-09-13T09:13:36","guid":{"rendered":"https:\/\/www.luczniczka.com\/sklep\/?page_id=244"},"modified":"2026-02-11T13:46:08","modified_gmt":"2026-02-11T12:46:08","slug":"orzechy-w-czekoladzie","status":"publish","type":"page","link":"https:\/\/www.luczniczka.com\/sklep\/orzechy-w-czekoladzie\/","title":{"rendered":"Orzechy w czekoladzie"},"content":{"rendered":"<div class=\"wpb-content-wrapper\"><p>[vc_row][vc_column]<div id=\"ultimate-heading-872569fcd19d49101\" class=\"uvc-heading ult-adjust-bottom-margin ultimate-heading-872569fcd19d49101 uvc-6649  uvc-heading-default-font-sizes\" data-hspacer=\"no_spacer\"  data-halign=\"center\" style=\"text-align:center\"><div class=\"uvc-heading-spacer no_spacer\" style=\"top\"><\/div><div class=\"uvc-main-heading ult-responsive\"  data-ultimate-target='.uvc-heading.ultimate-heading-872569fcd19d49101 h1'  data-responsive-json-new='{\"font-size\":\"\",\"line-height\":\"\"}' ><h1 style=\"--font-weight:theme;color:#CCB57E;margin-top:10px;margin-bottom:50px;\">Orzechy w czekoladzie<\/h1><\/div><\/div>[\/vc_column][\/vc_row][vc_row][vc_column]<div class=\"woocommerce columns-4 \"><div class=\"wf-container dt-products  woo-hover products loading-effect-fade-in description-on-hover cart-btn-on-img wc-img-hover hide-description wc-grid\" data-padding=\"0px\" data-cur-page=\"1\" data-desktop-columns-num=\"4\" data-v-tablet-columns-num=\"2\" data-h-tablet-columns-num=\"3\" data-phone-columns-num=\"1\">\n\n<article class=\"post visible description-off product type-product post-1637 status-publish first instock product_cat-orzechy-w-czekoladzie has-post-thumbnail taxable shipping-taxable purchasable product-type-simple\">\n\n\t<figure class=\"woocom-project\">\n\t<div class=\"woo-buttons-on-img\">\n\n\t\t<a href=\"https:\/\/www.luczniczka.com\/sklep\/produkt\/orzech-nerkowca-w-czekoladzie-500g\/\" class=\"alignnone layzr-bg\"><img loading=\"lazy\" decoding=\"async\" width=\"300\" height=\"300\" src=\"data:image\/svg+xml;charset=utf-8,%3Csvg xmlns%3D&#039;http%3A%2F%2Fwww.w3.org%2F2000%2Fsvg&#039; viewBox%3D&#039;0 0 300 300&#039;%2F%3E\" class=\"attachment-woocommerce_thumbnail size-woocommerce_thumbnail lazy-load preload-me\" alt=\"Orzech nerkowca w czekoladzie 500g\" data-src=\"https:\/\/www.luczniczka.com\/sklep\/wp-content\/uploads\/2021\/03\/IMG_9243_1000px-300x300.jpg\" data-srcset=\"https:\/\/www.luczniczka.com\/sklep\/wp-content\/uploads\/2021\/03\/IMG_9243_1000px-300x300.jpg 300w, https:\/\/www.luczniczka.com\/sklep\/wp-content\/uploads\/2021\/03\/IMG_9243_1000px-150x150.jpg 150w, https:\/\/www.luczniczka.com\/sklep\/wp-content\/uploads\/2021\/03\/IMG_9243_1000px-768x768.jpg 768w, https:\/\/www.luczniczka.com\/sklep\/wp-content\/uploads\/2021\/03\/IMG_9243_1000px-600x600.jpg 600w, https:\/\/www.luczniczka.com\/sklep\/wp-content\/uploads\/2021\/03\/IMG_9243_1000px-200x200.jpg 200w, https:\/\/www.luczniczka.com\/sklep\/wp-content\/uploads\/2021\/03\/IMG_9243_1000px.jpg 1000w\" \/><img loading=\"lazy\" decoding=\"async\" width=\"300\" height=\"300\" src=\"data:image\/svg+xml;charset=utf-8,%3Csvg xmlns%3D&#039;http%3A%2F%2Fwww.w3.org%2F2000%2Fsvg&#039; viewBox%3D&#039;0 0 300 300&#039;%2F%3E\" class=\"show-on-hover back-image lazy-load preload-me\" alt=\"\" data-src=\"https:\/\/www.luczniczka.com\/sklep\/wp-content\/uploads\/2021\/03\/IMG_9297_1000px-300x300.jpg\" data-srcset=\"https:\/\/www.luczniczka.com\/sklep\/wp-content\/uploads\/2021\/03\/IMG_9297_1000px-300x300.jpg 300w, https:\/\/www.luczniczka.com\/sklep\/wp-content\/uploads\/2021\/03\/IMG_9297_1000px-150x150.jpg 150w, https:\/\/www.luczniczka.com\/sklep\/wp-content\/uploads\/2021\/03\/IMG_9297_1000px-768x768.jpg 768w, https:\/\/www.luczniczka.com\/sklep\/wp-content\/uploads\/2021\/03\/IMG_9297_1000px-600x600.jpg 600w, https:\/\/www.luczniczka.com\/sklep\/wp-content\/uploads\/2021\/03\/IMG_9297_1000px-200x200.jpg 200w, https:\/\/www.luczniczka.com\/sklep\/wp-content\/uploads\/2021\/03\/IMG_9297_1000px.jpg 1000w\" \/><\/a>\n\t<\/div>\n\t<figcaption class=\"woocom-list-content\">\n\n\t\t<div class=\"woocommerce-product-details__short-description\">\n\tPra\u017cony orzech nerkowca oblany czekolad\u0105. Przepyszne chrupi\u0105ce pra\u017cone orzechy nerkowca wraz z czekolad\u0105, to kultowe po\u0142\u0105czenie. Orzechy nerkowca zatopione w [\u2026]<\/div>\n<span class=\"gtm4wp_productdata\" style=\"display:none; visibility:hidden;\" data-gtm4wp_product_data=\"{&quot;internal_id&quot;:1637,&quot;item_id&quot;:1637,&quot;item_name&quot;:&quot;Orzech nerkowca w czekoladzie 500g&quot;,&quot;sku&quot;:1637,&quot;price&quot;:86.5,&quot;stocklevel&quot;:null,&quot;stockstatus&quot;:&quot;instock&quot;,&quot;google_business_vertical&quot;:&quot;retail&quot;,&quot;item_category&quot;:&quot;Orzechy w czekoladzie&quot;,&quot;id&quot;:1637,&quot;productlink&quot;:&quot;https:\\\/\\\/www.luczniczka.com\\\/sklep\\\/produkt\\\/orzech-nerkowca-w-czekoladzie-500g\\\/&quot;,&quot;item_list_name&quot;:&quot;General Product List&quot;,&quot;index&quot;:1,&quot;product_type&quot;:&quot;simple&quot;,&quot;item_brand&quot;:&quot;&quot;}\"><\/span>\n\t<\/figcaption>\n<\/figure>\n\n<\/article>\n\n\n\n<article class=\"post visible description-off product type-product post-1636 status-publish instock product_cat-orzechy-w-czekoladzie has-post-thumbnail taxable shipping-taxable purchasable product-type-simple\">\n\n\t<figure class=\"woocom-project\">\n\t<div class=\"woo-buttons-on-img\">\n\n\t\t<a href=\"https:\/\/www.luczniczka.com\/sklep\/produkt\/orzech-wloski-w-czekoladzie-500g\/\" class=\"alignnone layzr-bg\"><img loading=\"lazy\" decoding=\"async\" width=\"300\" height=\"300\" src=\"data:image\/svg+xml;charset=utf-8,%3Csvg xmlns%3D&#039;http%3A%2F%2Fwww.w3.org%2F2000%2Fsvg&#039; viewBox%3D&#039;0 0 300 300&#039;%2F%3E\" class=\"attachment-woocommerce_thumbnail size-woocommerce_thumbnail lazy-load preload-me\" alt=\"Orzech w\u0142oski w czekoladzie 500g\" data-src=\"https:\/\/www.luczniczka.com\/sklep\/wp-content\/uploads\/2021\/03\/IMG_9313_1000px-300x300.jpg\" data-srcset=\"https:\/\/www.luczniczka.com\/sklep\/wp-content\/uploads\/2021\/03\/IMG_9313_1000px-300x300.jpg 300w, https:\/\/www.luczniczka.com\/sklep\/wp-content\/uploads\/2021\/03\/IMG_9313_1000px-150x150.jpg 150w, https:\/\/www.luczniczka.com\/sklep\/wp-content\/uploads\/2021\/03\/IMG_9313_1000px-768x768.jpg 768w, https:\/\/www.luczniczka.com\/sklep\/wp-content\/uploads\/2021\/03\/IMG_9313_1000px-600x600.jpg 600w, https:\/\/www.luczniczka.com\/sklep\/wp-content\/uploads\/2021\/03\/IMG_9313_1000px-200x200.jpg 200w, https:\/\/www.luczniczka.com\/sklep\/wp-content\/uploads\/2021\/03\/IMG_9313_1000px.jpg 1000w\" \/><img loading=\"lazy\" decoding=\"async\" width=\"300\" height=\"300\" src=\"data:image\/svg+xml;charset=utf-8,%3Csvg xmlns%3D&#039;http%3A%2F%2Fwww.w3.org%2F2000%2Fsvg&#039; viewBox%3D&#039;0 0 300 300&#039;%2F%3E\" class=\"show-on-hover back-image lazy-load preload-me\" alt=\"\" data-src=\"https:\/\/www.luczniczka.com\/sklep\/wp-content\/uploads\/2021\/03\/IMG_9334_1000px-300x300.jpg\" data-srcset=\"https:\/\/www.luczniczka.com\/sklep\/wp-content\/uploads\/2021\/03\/IMG_9334_1000px-300x300.jpg 300w, https:\/\/www.luczniczka.com\/sklep\/wp-content\/uploads\/2021\/03\/IMG_9334_1000px-150x150.jpg 150w, https:\/\/www.luczniczka.com\/sklep\/wp-content\/uploads\/2021\/03\/IMG_9334_1000px-768x768.jpg 768w, https:\/\/www.luczniczka.com\/sklep\/wp-content\/uploads\/2021\/03\/IMG_9334_1000px-600x600.jpg 600w, https:\/\/www.luczniczka.com\/sklep\/wp-content\/uploads\/2021\/03\/IMG_9334_1000px-200x200.jpg 200w, https:\/\/www.luczniczka.com\/sklep\/wp-content\/uploads\/2021\/03\/IMG_9334_1000px.jpg 1000w\" \/><\/a>\n\t<\/div>\n\t<figcaption class=\"woocom-list-content\">\n\n\t\t<div class=\"woocommerce-product-details__short-description\">\n\tPra\u017cony orzech w\u0142oski oblany czekolad\u0105. Przepyszne chrupi\u0105ce pra\u017cone orzechy w\u0142oskie wraz z czekolad\u0105, to kultowe po\u0142\u0105czenie. Orzechy w\u0142oskie zatopione w [\u2026]<\/div>\n<span class=\"gtm4wp_productdata\" style=\"display:none; visibility:hidden;\" data-gtm4wp_product_data=\"{&quot;internal_id&quot;:1636,&quot;item_id&quot;:1636,&quot;item_name&quot;:&quot;Orzech w\\u0142oski w czekoladzie 500g&quot;,&quot;sku&quot;:1636,&quot;price&quot;:65,&quot;stocklevel&quot;:null,&quot;stockstatus&quot;:&quot;instock&quot;,&quot;google_business_vertical&quot;:&quot;retail&quot;,&quot;item_category&quot;:&quot;Orzechy w czekoladzie&quot;,&quot;id&quot;:1636,&quot;productlink&quot;:&quot;https:\\\/\\\/www.luczniczka.com\\\/sklep\\\/produkt\\\/orzech-wloski-w-czekoladzie-500g\\\/&quot;,&quot;item_list_name&quot;:&quot;General Product List&quot;,&quot;index&quot;:2,&quot;product_type&quot;:&quot;simple&quot;,&quot;item_brand&quot;:&quot;&quot;}\"><\/span>\n\t<\/figcaption>\n<\/figure>\n\n<\/article>\n\n<\/div><\/div>[\/vc_column][\/vc_row]<\/p>\n<\/div>","protected":false},"excerpt":{"rendered":"<p>[vc_row][vc_column][\/vc_column][\/vc_row][vc_row][vc_column][\/vc_column][\/vc_row]<\/p>\n","protected":false},"author":1,"featured_media":0,"parent":0,"menu_order":0,"comment_status":"closed","ping_status":"closed","template":"","meta":{"inline_featured_image":false,"footnotes":""},"class_list":["post-244","page","type-page","status-publish","hentry","description-off"],"aioseo_notices":[],"_links":{"self":[{"href":"https:\/\/www.luczniczka.com\/sklep\/wp-json\/wp\/v2\/pages\/244","targetHints":{"allow":["GET"]}}],"collection":[{"href":"https:\/\/www.luczniczka.com\/sklep\/wp-json\/wp\/v2\/pages"}],"about":[{"href":"https:\/\/www.luczniczka.com\/sklep\/wp-json\/wp\/v2\/types\/page"}],"author":[{"embeddable":true,"href":"https:\/\/www.luczniczka.com\/sklep\/wp-json\/wp\/v2\/users\/1"}],"replies":[{"embeddable":true,"href":"https:\/\/www.luczniczka.com\/sklep\/wp-json\/wp\/v2\/comments?post=244"}],"version-history":[{"count":3,"href":"https:\/\/www.luczniczka.com\/sklep\/wp-json\/wp\/v2\/pages\/244\/revisions"}],"predecessor-version":[{"id":20733,"href":"https:\/\/www.luczniczka.com\/sklep\/wp-json\/wp\/v2\/pages\/244\/revisions\/20733"}],"wp:attachment":[{"href":"https:\/\/www.luczniczka.com\/sklep\/wp-json\/wp\/v2\/media?parent=244"}],"curies":[{"name":"wp","href":"https:\/\/api.w.org\/{rel}","templated":true}]}}