{"id":235,"date":"2020-09-13T11:10:46","date_gmt":"2020-09-13T09:10:46","guid":{"rendered":"https:\/\/www.luczniczka.com\/sklep\/?page_id=235"},"modified":"2026-02-03T13:14:13","modified_gmt":"2026-02-03T12:14:13","slug":"wyroby-upominkowe","status":"publish","type":"page","link":"https:\/\/www.luczniczka.com\/sklep\/wyroby-upominkowe\/","title":{"rendered":"Wyroby upominkowe"},"content":{"rendered":"<div class=\"wpb-content-wrapper\"><p>[vc_row][vc_column]<div id=\"ultimate-heading-709169ec9b0f8e72a\" class=\"uvc-heading ult-adjust-bottom-margin ultimate-heading-709169ec9b0f8e72a uvc-1725 \" data-hspacer=\"no_spacer\"  data-halign=\"center\" style=\"text-align:center\"><div class=\"uvc-heading-spacer no_spacer\" style=\"top\"><\/div><div class=\"uvc-main-heading ult-responsive\"  data-ultimate-target='.uvc-heading.ultimate-heading-709169ec9b0f8e72a h1'  data-responsive-json-new='{\"font-size\":\"desktop:33px;\",\"line-height\":\"\"}' ><h1 style=\"--font-weight:theme;color:#ccb57e;margin-top:10px;margin-bottom:50px;\">Wyroby upominkowe<\/h1><\/div><\/div>[\/vc_column][\/vc_row][vc_row][vc_column]<div class=\"woocommerce columns-4 \"><div class=\"wf-container dt-products  woo-hover products loading-effect-fade-in description-on-hover cart-btn-on-img wc-img-hover hide-description wc-grid\" data-padding=\"0px\" data-cur-page=\"1\" data-desktop-columns-num=\"4\" data-v-tablet-columns-num=\"2\" data-h-tablet-columns-num=\"3\" data-phone-columns-num=\"1\">\n\n<article class=\"post visible description-off product type-product post-14047 status-publish first instock product_cat-dodatki has-post-thumbnail taxable shipping-taxable purchasable product-type-simple\">\n\n\t<figure class=\"woocom-project\">\n\t<div class=\"woo-buttons-on-img\">\n\n\t\t<a href=\"https:\/\/www.luczniczka.com\/sklep\/produkt\/wklad-chlodzacy\/\" class=\"alignnone layzr-bg\"><img loading=\"lazy\" decoding=\"async\" width=\"300\" height=\"300\" src=\"data:image\/svg+xml;charset=utf-8,%3Csvg xmlns%3D&#039;http%3A%2F%2Fwww.w3.org%2F2000%2Fsvg&#039; viewBox%3D&#039;0 0 300 300&#039;%2F%3E\" class=\"attachment-woocommerce_thumbnail size-woocommerce_thumbnail lazy-load preload-me\" alt=\"WK\u0141AD CH\u0141ODZ\u0104CY\" data-src=\"https:\/\/www.luczniczka.com\/sklep\/wp-content\/uploads\/2025\/10\/2Z84989-300x300.jpg\" data-srcset=\"https:\/\/www.luczniczka.com\/sklep\/wp-content\/uploads\/2025\/10\/2Z84989-300x300.jpg 300w, https:\/\/www.luczniczka.com\/sklep\/wp-content\/uploads\/2025\/10\/2Z84989-150x150.jpg 150w, https:\/\/www.luczniczka.com\/sklep\/wp-content\/uploads\/2025\/10\/2Z84989-200x200.jpg 200w\" \/><img loading=\"lazy\" decoding=\"async\" width=\"300\" height=\"300\" src=\"data:image\/svg+xml;charset=utf-8,%3Csvg xmlns%3D&#039;http%3A%2F%2Fwww.w3.org%2F2000%2Fsvg&#039; viewBox%3D&#039;0 0 300 300&#039;%2F%3E\" class=\"show-on-hover back-image lazy-load preload-me\" alt=\"\" data-src=\"https:\/\/www.luczniczka.com\/sklep\/wp-content\/uploads\/2025\/10\/2Z84989-300x300.jpg\" data-srcset=\"https:\/\/www.luczniczka.com\/sklep\/wp-content\/uploads\/2025\/10\/2Z84989-300x300.jpg 300w, https:\/\/www.luczniczka.com\/sklep\/wp-content\/uploads\/2025\/10\/2Z84989-150x150.jpg 150w, https:\/\/www.luczniczka.com\/sklep\/wp-content\/uploads\/2025\/10\/2Z84989-200x200.jpg 200w\" \/><\/a>\n\t<\/div>\n\t<figcaption class=\"woocom-list-content\">\n\n\t\t<div class=\"woocommerce-product-details__short-description\">\n\tWk\u0142ad ch\u0142odz\u0105cy stosowany do paczek w trakcie wy\u017cszych temperatur mo\u017ce skutecznie pom\u00f3c w dostarczeniu paczki z czekolad\u0105. Jest wielokrotnego u\u017cytku.<\/div>\n<span class=\"gtm4wp_productdata\" style=\"display:none; visibility:hidden;\" data-gtm4wp_product_data=\"{&quot;internal_id&quot;:14047,&quot;item_id&quot;:14047,&quot;item_name&quot;:&quot;WK\\u0141AD CH\\u0141ODZ\\u0104CY&quot;,&quot;sku&quot;:14047,&quot;price&quot;:3.5,&quot;stocklevel&quot;:null,&quot;stockstatus&quot;:&quot;instock&quot;,&quot;google_business_vertical&quot;:&quot;retail&quot;,&quot;item_category&quot;:&quot;Dodatki&quot;,&quot;id&quot;:14047,&quot;productlink&quot;:&quot;https:\\\/\\\/www.luczniczka.com\\\/sklep\\\/produkt\\\/wklad-chlodzacy\\\/&quot;,&quot;item_list_name&quot;:&quot;General Product List&quot;,&quot;index&quot;:1,&quot;product_type&quot;:&quot;simple&quot;,&quot;item_brand&quot;:&quot;&quot;}\"><\/span>\n\t<\/figcaption>\n<\/figure>\n\n<\/article>\n\n<\/div><\/div>[\/vc_column][\/vc_row]<\/p>\n<\/div>","protected":false},"excerpt":{"rendered":"<p>[vc_row][vc_column][\/vc_column][\/vc_row][vc_row][vc_column][\/vc_column][\/vc_row]<\/p>\n","protected":false},"author":1,"featured_media":0,"parent":0,"menu_order":0,"comment_status":"closed","ping_status":"closed","template":"","meta":{"inline_featured_image":false,"footnotes":""},"class_list":["post-235","page","type-page","status-publish","hentry","description-off"],"aioseo_notices":[],"_links":{"self":[{"href":"https:\/\/www.luczniczka.com\/sklep\/wp-json\/wp\/v2\/pages\/235","targetHints":{"allow":["GET"]}}],"collection":[{"href":"https:\/\/www.luczniczka.com\/sklep\/wp-json\/wp\/v2\/pages"}],"about":[{"href":"https:\/\/www.luczniczka.com\/sklep\/wp-json\/wp\/v2\/types\/page"}],"author":[{"embeddable":true,"href":"https:\/\/www.luczniczka.com\/sklep\/wp-json\/wp\/v2\/users\/1"}],"replies":[{"embeddable":true,"href":"https:\/\/www.luczniczka.com\/sklep\/wp-json\/wp\/v2\/comments?post=235"}],"version-history":[{"count":9,"href":"https:\/\/www.luczniczka.com\/sklep\/wp-json\/wp\/v2\/pages\/235\/revisions"}],"predecessor-version":[{"id":20459,"href":"https:\/\/www.luczniczka.com\/sklep\/wp-json\/wp\/v2\/pages\/235\/revisions\/20459"}],"wp:attachment":[{"href":"https:\/\/www.luczniczka.com\/sklep\/wp-json\/wp\/v2\/media?parent=235"}],"curies":[{"name":"wp","href":"https:\/\/api.w.org\/{rel}","templated":true}]}}