{"id":2,"date":"2020-08-10T09:20:51","date_gmt":"2020-08-10T07:20:51","guid":{"rendered":"https:\/\/www.luczniczka.com\/sklep\/?page_id=2"},"modified":"2026-03-06T11:16:40","modified_gmt":"2026-03-06T10:16:40","slug":"przykladowa-strona","status":"publish","type":"page","link":"https:\/\/www.luczniczka.com\/sklep\/","title":{"rendered":"Home"},"content":{"rendered":"<div class=\"wpb-content-wrapper\"><p>[vc_row][vc_column]<div id=\"ultimate-heading-80016a08f96f5e0bd\" class=\"uvc-heading ult-adjust-bottom-margin ultimate-heading-80016a08f96f5e0bd uvc-8303 \" data-hspacer=\"no_spacer\"  data-halign=\"center\" style=\"text-align:center\"><div class=\"uvc-heading-spacer no_spacer\" style=\"top\"><\/div><div class=\"uvc-main-heading ult-responsive\"  data-ultimate-target='.uvc-heading.ultimate-heading-80016a08f96f5e0bd h1'  data-responsive-json-new='{\"font-size\":\"desktop:33px;\",\"line-height\":\"\"}' ><h1 style=\"font-family:&#039;Kaushan Script&#039;;--font-weight:theme;color:#ccb57e;margin-top:50px;margin-bottom:30px;\">Producent czekolad - \u0141uczniczka<\/h1><\/div><div class=\"uvc-sub-heading ult-responsive\"  data-ultimate-target='.uvc-heading.ultimate-heading-80016a08f96f5e0bd .uvc-sub-heading '  data-responsive-json-new='{\"font-size\":\"\",\"line-height\":\"\"}'  style=\"font-weight:normal;\">P.W. \u0141UCZNICZKA Sp. z o.o. to polski producent wyrob\u00f3w czekoladowych, kt\u00f3ry z sukcesem dzia\u0142a na rynku od przesz\u0142o 30 lat.<br \/>\nProdukujemy dla Pa\u0144stwa z pasj\u0105 i dba\u0142o\u015bci\u0105 o szczeg\u00f3\u0142y. Chcemy bowiem aby smak naszych wyrob\u00f3w pozosta\u0142 z Pa\u0144stwem na bardzo d\u0142ugo!<br \/>\nFirma dostarcza wyroby zar\u00f3wno na rynek polski jak i zagraniczny. Wsp\u00f3\u0142pracujemy z sieciami handlowymi, ale tak\u017ce dbamy o rozw\u00f3j marki w\u0142asnej ARCHER PRALINE.<br \/>\nNasze wyroby dost\u0119pne s\u0105 zar\u00f3wno w sklepie internetowym jak i w sklepach firmowych do kt\u00f3rych serdecznie zapraszamy!<\/div><\/div>[\/vc_column][\/vc_row][vc_row][vc_column]<div id=\"ultimate-heading-8786a08f96f5e0fd\" class=\"uvc-heading ult-adjust-bottom-margin ultimate-heading-8786a08f96f5e0fd uvc-6769 \" data-hspacer=\"no_spacer\"  data-halign=\"center\" style=\"text-align:center\"><div class=\"uvc-heading-spacer no_spacer\" style=\"top\"><\/div><div class=\"uvc-main-heading ult-responsive\"  data-ultimate-target='.uvc-heading.ultimate-heading-8786a08f96f5e0fd h5'  data-responsive-json-new='{\"font-size\":\"desktop:33px;\",\"line-height\":\"\"}' ><h5 style=\"--font-weight:theme;color:#ccb57e;margin-top:50px;margin-bottom:50px;\">Kategorie produkt\u00f3w<\/h5><\/div><\/div>[\/vc_column][\/vc_row][vc_row][vc_column]<div class=\"woocommerce columns-4\"><div class=\"wf-container dt-products  woo-hover products loading-effect-fade-in description-on-hover cart-btn-on-img wc-img-hover hide-description wc-grid\" data-padding=\"0px\" data-cur-page=\"1\" data-desktop-columns-num=\"4\" data-v-tablet-columns-num=\"2\" data-h-tablet-columns-num=\"3\" data-phone-columns-num=\"1\">\n\n<article class=\"post product-category product first\">\n\n\t<figure class=\"woocom-project\">\n\t<div class=\"woo-buttons-on-img\">\n\n\t\t<a href=\"https:\/\/www.luczniczka.com\/sklep\/product-category\/praliny-z-alkoholem\/\" class=\"alignnone\"><img loading=\"lazy\" decoding=\"async\" class=\"preload-me\" src=\"https:\/\/www.luczniczka.com\/sklep\/wp-content\/uploads\/2025\/10\/2Z80135-300x300.jpg\" alt=\"Praliny z nadzieniem zawieraj\u0105cym alkohol\" width=\"300\" height=\"300\" srcset=\"https:\/\/www.luczniczka.com\/sklep\/wp-content\/uploads\/2025\/10\/2Z80135-300x300.jpg 300w, https:\/\/www.luczniczka.com\/sklep\/wp-content\/uploads\/2025\/10\/2Z80135-150x150.jpg 150w, https:\/\/www.luczniczka.com\/sklep\/wp-content\/uploads\/2025\/10\/2Z80135-200x200.jpg 200w\" sizes=\"auto, (max-width: 300px) 100vw, 300px\" \/><\/a>\n\t<\/div>\n\t<figcaption class=\"woocom-list-content\">\n\n\t\t\n\t<\/figcaption>\n<\/figure>\n<\/article>\n\n\n\n<article class=\"post product-category product\">\n\n\t<figure class=\"woocom-project\">\n\t<div class=\"woo-buttons-on-img\">\n\n\t\t<a href=\"https:\/\/www.luczniczka.com\/sklep\/product-category\/pralinki-bez-alkoholu\/\" class=\"alignnone\"><img loading=\"lazy\" decoding=\"async\" class=\"preload-me\" src=\"https:\/\/www.luczniczka.com\/sklep\/wp-content\/uploads\/2025\/10\/2Z80128-300x300.jpg\" alt=\"Pralinki z nadzieniem nie zawieraj\u0105cym alkoholu\" width=\"300\" height=\"300\" srcset=\"https:\/\/www.luczniczka.com\/sklep\/wp-content\/uploads\/2025\/10\/2Z80128-300x300.jpg 300w, https:\/\/www.luczniczka.com\/sklep\/wp-content\/uploads\/2025\/10\/2Z80128-150x150.jpg 150w, https:\/\/www.luczniczka.com\/sklep\/wp-content\/uploads\/2025\/10\/2Z80128-200x200.jpg 200w\" sizes=\"auto, (max-width: 300px) 100vw, 300px\" \/><\/a>\n\t<\/div>\n\t<figcaption class=\"woocom-list-content\">\n\n\t\t\n\t<\/figcaption>\n<\/figure>\n<\/article>\n\n\n\n<article class=\"post product-category product\">\n\n\t<figure class=\"woocom-project\">\n\t<div class=\"woo-buttons-on-img\">\n\n\t\t<a href=\"https:\/\/www.luczniczka.com\/sklep\/product-category\/wyroby-bozonarodzeniowe\/\" class=\"alignnone\"><img loading=\"lazy\" decoding=\"async\" class=\"preload-me\" src=\"https:\/\/www.luczniczka.com\/sklep\/wp-content\/uploads\/2025\/09\/2Z80057-300x300.jpg\" alt=\"Wyroby bo\u017conarodzeniowe\" width=\"300\" height=\"300\" srcset=\"https:\/\/www.luczniczka.com\/sklep\/wp-content\/uploads\/2025\/09\/2Z80057-300x300.jpg 300w, https:\/\/www.luczniczka.com\/sklep\/wp-content\/uploads\/2025\/09\/2Z80057-150x150.jpg 150w, https:\/\/www.luczniczka.com\/sklep\/wp-content\/uploads\/2025\/09\/2Z80057-200x200.jpg 200w\" sizes=\"auto, (max-width: 300px) 100vw, 300px\" \/><\/a>\n\t<\/div>\n\t<figcaption class=\"woocom-list-content\">\n\n\t\t\n\t<\/figcaption>\n<\/figure>\n<\/article>\n\n\n\n<article class=\"post product-category product last\">\n\n\t<figure class=\"woocom-project\">\n\t<div class=\"woo-buttons-on-img\">\n\n\t\t<a href=\"https:\/\/www.luczniczka.com\/sklep\/product-category\/wyroby-wielkanocne\/\" class=\"alignnone\"><img loading=\"lazy\" decoding=\"async\" class=\"preload-me\" src=\"https:\/\/www.luczniczka.com\/sklep\/wp-content\/uploads\/2020\/08\/IMG_0171-kopia-600x571-1-300x300.png\" alt=\"Wyroby wielkanocne\" width=\"300\" height=\"300\" srcset=\"https:\/\/www.luczniczka.com\/sklep\/wp-content\/uploads\/2020\/08\/IMG_0171-kopia-600x571-1-300x300.png 300w, https:\/\/www.luczniczka.com\/sklep\/wp-content\/uploads\/2020\/08\/IMG_0171-kopia-600x571-1-200x200.png 200w, https:\/\/www.luczniczka.com\/sklep\/wp-content\/uploads\/2020\/08\/IMG_0171-kopia-600x571-1-150x150.png 150w\" sizes=\"auto, (max-width: 300px) 100vw, 300px\" \/><\/a>\n\t<\/div>\n\t<figcaption class=\"woocom-list-content\">\n\n\t\t\n\t<\/figcaption>\n<\/figure>\n<\/article>\n\n\n\n<article class=\"post product-category product first\">\n\n\t<figure class=\"woocom-project\">\n\t<div class=\"woo-buttons-on-img\">\n\n\t\t<a href=\"https:\/\/www.luczniczka.com\/sklep\/product-category\/tabliczki-czekolady\/\" class=\"alignnone\"><img loading=\"lazy\" decoding=\"async\" class=\"preload-me\" src=\"https:\/\/www.luczniczka.com\/sklep\/wp-content\/uploads\/2025\/09\/8-300x300.jpg\" alt=\"Tabliczki czekolady\" width=\"300\" height=\"300\" srcset=\"https:\/\/www.luczniczka.com\/sklep\/wp-content\/uploads\/2025\/09\/8-300x300.jpg 300w, https:\/\/www.luczniczka.com\/sklep\/wp-content\/uploads\/2025\/09\/8-150x150.jpg 150w, https:\/\/www.luczniczka.com\/sklep\/wp-content\/uploads\/2025\/09\/8-200x200.jpg 200w\" sizes=\"auto, (max-width: 300px) 100vw, 300px\" \/><\/a>\n\t<\/div>\n\t<figcaption class=\"woocom-list-content\">\n\n\t\t\n\t<\/figcaption>\n<\/figure>\n<\/article>\n\n\n\n<article class=\"post product-category product\">\n\n\t<figure class=\"woocom-project\">\n\t<div class=\"woo-buttons-on-img\">\n\n\t\t<a href=\"https:\/\/www.luczniczka.com\/sklep\/product-category\/kosze-upominkowe\/\" class=\"alignnone\"><img loading=\"lazy\" decoding=\"async\" class=\"preload-me\" src=\"https:\/\/www.luczniczka.com\/sklep\/wp-content\/uploads\/2025\/09\/2-1-300x300.jpg\" alt=\"Zestawy upominkowe\" width=\"300\" height=\"300\" srcset=\"https:\/\/www.luczniczka.com\/sklep\/wp-content\/uploads\/2025\/09\/2-1-300x300.jpg 300w, https:\/\/www.luczniczka.com\/sklep\/wp-content\/uploads\/2025\/09\/2-1-150x150.jpg 150w, https:\/\/www.luczniczka.com\/sklep\/wp-content\/uploads\/2025\/09\/2-1-200x200.jpg 200w\" sizes=\"auto, (max-width: 300px) 100vw, 300px\" \/><\/a>\n\t<\/div>\n\t<figcaption class=\"woocom-list-content\">\n\n\t\t\n\t<\/figcaption>\n<\/figure>\n<\/article>\n\n\n\n<article class=\"post product-category product\">\n\n\t<figure class=\"woocom-project\">\n\t<div class=\"woo-buttons-on-img\">\n\n\t\t<a href=\"https:\/\/www.luczniczka.com\/sklep\/product-category\/orzechy-w-czekoladzie\/\" class=\"alignnone\"><img loading=\"lazy\" decoding=\"async\" class=\"preload-me\" src=\"https:\/\/www.luczniczka.com\/sklep\/wp-content\/uploads\/2021\/03\/IMG_9313_1000px-300x300.jpg\" alt=\"Orzechy w czekoladzie\" width=\"300\" height=\"300\" srcset=\"https:\/\/www.luczniczka.com\/sklep\/wp-content\/uploads\/2021\/03\/IMG_9313_1000px-300x300.jpg 300w, https:\/\/www.luczniczka.com\/sklep\/wp-content\/uploads\/2021\/03\/IMG_9313_1000px-150x150.jpg 150w, https:\/\/www.luczniczka.com\/sklep\/wp-content\/uploads\/2021\/03\/IMG_9313_1000px-768x768.jpg 768w, https:\/\/www.luczniczka.com\/sklep\/wp-content\/uploads\/2021\/03\/IMG_9313_1000px-600x600.jpg 600w, https:\/\/www.luczniczka.com\/sklep\/wp-content\/uploads\/2021\/03\/IMG_9313_1000px-200x200.jpg 200w, https:\/\/www.luczniczka.com\/sklep\/wp-content\/uploads\/2021\/03\/IMG_9313_1000px.jpg 1000w\" sizes=\"auto, (max-width: 300px) 100vw, 300px\" \/><\/a>\n\t<\/div>\n\t<figcaption class=\"woocom-list-content\">\n\n\t\t\n\t<\/figcaption>\n<\/figure>\n<\/article>\n\n\n\n<article class=\"post product-category product last\">\n\n\t<figure class=\"woocom-project\">\n\t<div class=\"woo-buttons-on-img\">\n\n\t\t<a href=\"https:\/\/www.luczniczka.com\/sklep\/product-category\/owoce-w-czekoladzie\/\" class=\"alignnone\"><img loading=\"lazy\" decoding=\"async\" class=\"preload-me\" src=\"https:\/\/www.luczniczka.com\/sklep\/wp-content\/uploads\/2021\/03\/IMG_9196_1000px-300x300.jpg\" alt=\"Owoce w czekoladzie\" width=\"300\" height=\"300\" srcset=\"https:\/\/www.luczniczka.com\/sklep\/wp-content\/uploads\/2021\/03\/IMG_9196_1000px-300x300.jpg 300w, https:\/\/www.luczniczka.com\/sklep\/wp-content\/uploads\/2021\/03\/IMG_9196_1000px-150x150.jpg 150w, https:\/\/www.luczniczka.com\/sklep\/wp-content\/uploads\/2021\/03\/IMG_9196_1000px-768x768.jpg 768w, https:\/\/www.luczniczka.com\/sklep\/wp-content\/uploads\/2021\/03\/IMG_9196_1000px-600x600.jpg 600w, https:\/\/www.luczniczka.com\/sklep\/wp-content\/uploads\/2021\/03\/IMG_9196_1000px-200x200.jpg 200w, https:\/\/www.luczniczka.com\/sklep\/wp-content\/uploads\/2021\/03\/IMG_9196_1000px.jpg 1000w\" sizes=\"auto, (max-width: 300px) 100vw, 300px\" \/><\/a>\n\t<\/div>\n\t<figcaption class=\"woocom-list-content\">\n\n\t\t\n\t<\/figcaption>\n<\/figure>\n<\/article>\n\n\n\n<article class=\"post product-category product first\">\n\n\t<figure class=\"woocom-project\">\n\t<div class=\"woo-buttons-on-img\">\n\n\t\t<a href=\"https:\/\/www.luczniczka.com\/sklep\/product-category\/pralinki-rzemieslnicze\/\" class=\"alignnone\"><img loading=\"lazy\" decoding=\"async\" class=\"preload-me\" src=\"https:\/\/www.luczniczka.com\/sklep\/wp-content\/uploads\/2025\/10\/2Z82545-300x300.jpg\" alt=\"Pralinki r\u0119cznie produkowane\" width=\"300\" height=\"300\" srcset=\"https:\/\/www.luczniczka.com\/sklep\/wp-content\/uploads\/2025\/10\/2Z82545-300x300.jpg 300w, https:\/\/www.luczniczka.com\/sklep\/wp-content\/uploads\/2025\/10\/2Z82545-150x150.jpg 150w, https:\/\/www.luczniczka.com\/sklep\/wp-content\/uploads\/2025\/10\/2Z82545-200x200.jpg 200w\" sizes=\"auto, (max-width: 300px) 100vw, 300px\" \/><\/a>\n\t<\/div>\n\t<figcaption class=\"woocom-list-content\">\n\n\t\t\n\t<\/figcaption>\n<\/figure>\n<\/article>\n\n<\/div><\/div>[vc_empty_space][vc_empty_space][\/vc_column][\/vc_row][vc_row][vc_column]<div class=\"woocommerce columns-4 \"><\/div>[vc_empty_space][vc_empty_space][\/vc_column][\/vc_row]<\/p>\n<\/div>","protected":false},"excerpt":{"rendered":"<p>[vc_row][vc_column][\/vc_column][\/vc_row][vc_row][vc_column][\/vc_column][\/vc_row][vc_row][vc_column][vc_empty_space][vc_empty_space][\/vc_column][\/vc_row][vc_row][vc_column][vc_empty_space][vc_empty_space][\/vc_column][\/vc_row]<\/p>\n","protected":false},"author":1,"featured_media":0,"parent":0,"menu_order":0,"comment_status":"closed","ping_status":"open","template":"","meta":{"inline_featured_image":false,"footnotes":""},"class_list":["post-2","page","type-page","status-publish","hentry","description-off"],"aioseo_notices":[],"_links":{"self":[{"href":"https:\/\/www.luczniczka.com\/sklep\/wp-json\/wp\/v2\/pages\/2","targetHints":{"allow":["GET"]}}],"collection":[{"href":"https:\/\/www.luczniczka.com\/sklep\/wp-json\/wp\/v2\/pages"}],"about":[{"href":"https:\/\/www.luczniczka.com\/sklep\/wp-json\/wp\/v2\/types\/page"}],"author":[{"embeddable":true,"href":"https:\/\/www.luczniczka.com\/sklep\/wp-json\/wp\/v2\/users\/1"}],"replies":[{"embeddable":true,"href":"https:\/\/www.luczniczka.com\/sklep\/wp-json\/wp\/v2\/comments?post=2"}],"version-history":[{"count":111,"href":"https:\/\/www.luczniczka.com\/sklep\/wp-json\/wp\/v2\/pages\/2\/revisions"}],"predecessor-version":[{"id":21733,"href":"https:\/\/www.luczniczka.com\/sklep\/wp-json\/wp\/v2\/pages\/2\/revisions\/21733"}],"wp:attachment":[{"href":"https:\/\/www.luczniczka.com\/sklep\/wp-json\/wp\/v2\/media?parent=2"}],"curies":[{"name":"wp","href":"https:\/\/api.w.org\/{rel}","templated":true}]}}